{"id":35,"date":"2024-01-01T21:33:36","date_gmt":"2024-01-01T21:33:36","guid":{"rendered":"https:\/\/pheya.eu\/fr\/?page_id=35"},"modified":"2024-01-01T21:38:59","modified_gmt":"2024-01-01T21:38:59","slug":"live","status":"publish","type":"page","link":"https:\/\/pheya.eu\/fr\/live\/","title":{"rendered":"Live"},"content":{"rendered":"\n<p>D\u00e9sol\u00e9, en ce moment, y&rsquo;a pas de live pr\u00e9vu. Reviens plus tard, stp.<\/p>\n","protected":false},"excerpt":{"rendered":"<p>D\u00e9sol\u00e9, en ce moment, y&rsquo;a pas de live pr\u00e9vu. Reviens plus tard, stp.<\/p>\n","protected":false},"author":1,"featured_media":0,"parent":0,"menu_order":0,"comment_status":"closed","ping_status":"closed","template":"","meta":{"footnotes":""},"class_list":["post-35","page","type-page","status-publish","hentry"],"_links":{"self":[{"href":"https:\/\/pheya.eu\/fr\/wp-json\/wp\/v2\/pages\/35","targetHints":{"allow":["GET"]}}],"collection":[{"href":"https:\/\/pheya.eu\/fr\/wp-json\/wp\/v2\/pages"}],"about":[{"href":"https:\/\/pheya.eu\/fr\/wp-json\/wp\/v2\/types\/page"}],"author":[{"embeddable":true,"href":"https:\/\/pheya.eu\/fr\/wp-json\/wp\/v2\/users\/1"}],"replies":[{"embeddable":true,"href":"https:\/\/pheya.eu\/fr\/wp-json\/wp\/v2\/comments?post=35"}],"version-history":[{"count":2,"href":"https:\/\/pheya.eu\/fr\/wp-json\/wp\/v2\/pages\/35\/revisions"}],"predecessor-version":[{"id":38,"href":"https:\/\/pheya.eu\/fr\/wp-json\/wp\/v2\/pages\/35\/revisions\/38"}],"wp:attachment":[{"href":"https:\/\/pheya.eu\/fr\/wp-json\/wp\/v2\/media?parent=35"}],"curies":[{"name":"wp","href":"https:\/\/api.w.org\/{rel}","templated":true}]}}